{"id":2119,"date":"2026-04-21T11:57:12","date_gmt":"2026-04-21T11:57:12","guid":{"rendered":"https:\/\/maxven.de\/?page_id=2119"},"modified":"2026-04-21T11:57:12","modified_gmt":"2026-04-21T11:57:12","slug":"impressum","status":"publish","type":"page","link":"https:\/\/maxven.de\/en\/impressum\/","title":{"rendered":"Imprint"},"content":{"rendered":"<div data-elementor-type=\"wp-page\" data-elementor-id=\"2119\" class=\"elementor elementor-2119\" data-elementor-post-type=\"page\">\n\t\t\t\t\t\t<section class=\"elementor-section elementor-top-section elementor-element elementor-element-514bc4e elementor-section-boxed elementor-section-height-default elementor-section-height-default\" data-id=\"514bc4e\" data-element_type=\"section\" data-e-type=\"section\">\n\t\t\t\t\t\t<div class=\"elementor-container elementor-column-gap-default\">\n\t\t\t\t\t<div class=\"elementor-column elementor-col-100 elementor-top-column elementor-element elementor-element-6b6376ba\" data-id=\"6b6376ba\" data-element_type=\"column\" data-e-type=\"column\">\n\t\t\t<div class=\"elementor-widget-wrap elementor-element-populated\">\n\t\t\t\t\t\t<div class=\"elementor-element elementor-element-e5c1041 elementor-widget elementor-widget-heading\" data-id=\"e5c1041\" data-element_type=\"widget\" data-e-type=\"widget\" data-widget_type=\"heading.default\">\n\t\t\t\t<div class=\"elementor-widget-container\">\n\t\t\t\t\t<h2 class=\"elementor-heading-title elementor-size-default\">Imprint<\/h2>\t\t\t\t<\/div>\n\t\t\t\t<\/div>\n\t\t\t\t<div class=\"elementor-element elementor-element-29ad595f elementor-hidden-desktop elementor-hidden-tablet elementor-hidden-mobile elementor-widget elementor-widget-text-editor\" data-id=\"29ad595f\" data-element_type=\"widget\" data-e-type=\"widget\" data-widget_type=\"text-editor.default\">\n\t\t\t\t<div class=\"elementor-widget-container\">\n\t\t\t\t\t\t\t\t\t\n<p>MAXVEN GmbH<\/p>\n\n<p>Frankfurt Street 63-69<\/p>\n\n<p>65760 Frankfurt<\/p>\n\n<p>Germany<\/p>\n\n<p>Phone: <a href=\"tel:061962047156\">061962047156<\/a><\/p>\n\n<p>Email: <a href=\"mailto:kontakt@maxven.de\">kontakt@maxven.de<\/a><\/p>\n\n<p>Commercial Register: Local Court of Frankfurt am Main<\/p>\n\n<p>Registration number: HRB 128502<\/p>\n\n<p>Managing Directors: Sven H\u00e4nsel, Max Neusser<\/p>\n\t\t\t\t\t\t\t\t<\/div>\n\t\t\t\t<\/div>\n\t\t\t\t<div class=\"elementor-element elementor-element-74749a8 elementor-widget elementor-widget-text-editor\" data-id=\"74749a8\" data-element_type=\"widget\" data-e-type=\"widget\" data-widget_type=\"text-editor.default\">\n\t\t\t\t<div class=\"elementor-widget-container\">\n\t\t\t\t\t\t\t\t\t<p><div  class=\"agb_content agb_imprint  notranslate\"><div>MAXVEN GmbH<br \/>\nFrankfurt Street 63-69<br \/>\n65760 Frankfurt<br \/>\nGermany<br \/>\n<br \/>\nPhone: 061962047156<br \/>\nEmail: kontakt@maxven.de<br \/>\n<br \/>\nCommercial Register: Local Court of Frankfurt am Main<br \/>\nRegistration number: HRB 128502<br \/>\n<br \/>\nManaging Directors: Sven H\u00e4nsel, Max Neusser<br \/>\n<br \/>\nVAT identification number: DE339481509<br \/>\n<br \/>\nWe are neither obliged nor willing to participate in a dispute resolution procedure before a consumer arbitration board.<\/div><div id=\"itkanzlei_txt_copyright\" style=\"font-size: 12px; margin-top: 8em;\"><div style=\"display: inline-block; vertical-align: top; margin-left: 5px; float: right; white-space: nowrap;\">Status: 04\/21\/2026, 1:57:11 PM<\/div><div style=\"clear: right;\"><\/div><\/div><\/div><\/p>\t\t\t\t\t\t\t\t<\/div>\n\t\t\t\t<\/div>\n\t\t\t\t\t<\/div>\n\t\t<\/div>\n\t\t\t\t\t<\/div>\n\t\t<\/section>\n\t\t\t\t<\/div>","protected":false},"excerpt":{"rendered":"<p>Impressum MAXVEN GmbH Frankfurter Str. 63-69 65760 Frankfurt Germany Tel.: 061962047156 E-Mail: kontakt@maxven.de Register Court: Local Court Frankfurt am Main Registration Number: HRB 128502 Managing Directors: Sven H\u00e4nsel, Max Neusser<\/p>","protected":false},"author":2,"featured_media":0,"parent":0,"menu_order":0,"comment_status":"closed","ping_status":"closed","template":"","meta":{"footnotes":""},"class_list":["post-2119","page","type-page","status-publish","hentry"],"yoast_head":"<!-- This site is optimized with the Yoast SEO plugin v26.9 - https:\/\/yoast.com\/product\/yoast-seo-wordpress\/ -->\n<title>Impressum - MAXVEN GmbH<\/title>\n<meta name=\"robots\" content=\"noindex, nofollow\" \/>\n<meta property=\"og:locale\" content=\"en_US\" \/>\n<meta property=\"og:type\" content=\"article\" \/>\n<meta property=\"og:title\" content=\"Impressum - MAXVEN GmbH\" \/>\n<meta property=\"og:description\" content=\"Impressum MAXVEN GmbH Frankfurter Str. 63-69 65760 Frankfurt Deutschland Tel.: 061962047156 E-Mail: kontakt@maxven.de Registergericht: Amtsgericht Frankfurt am Main Registernummer: HRB 128502 Gesch\u00e4ftsf\u00fchrer: Sven H\u00e4nsel, Max Neusser\" \/>\n<meta property=\"og:url\" content=\"https:\/\/maxven.de\/en\/impressum\/\" \/>\n<meta property=\"og:site_name\" content=\"MAXVEN GmbH\" \/>\n<meta property=\"article:publisher\" content=\"https:\/\/www.facebook.com\/profile.php?id=100088488454808\" \/>\n<meta name=\"twitter:card\" content=\"summary_large_image\" \/>\n<meta name=\"twitter:label1\" content=\"Est. reading time\" \/>\n\t<meta name=\"twitter:data1\" content=\"1 minute\" \/>\n<script type=\"application\/ld+json\" class=\"yoast-schema-graph\">{\"@context\":\"https:\/\/schema.org\",\"@graph\":[{\"@type\":\"WebPage\",\"@id\":\"https:\/\/maxven.de\/impressum\/\",\"url\":\"https:\/\/maxven.de\/impressum\/\",\"name\":\"Impressum - MAXVEN GmbH\",\"isPartOf\":{\"@id\":\"https:\/\/maxven.de\/#website\"},\"datePublished\":\"2026-04-21T11:57:12+00:00\",\"breadcrumb\":{\"@id\":\"https:\/\/maxven.de\/impressum\/#breadcrumb\"},\"inLanguage\":\"en-US\",\"potentialAction\":[{\"@type\":\"ReadAction\",\"target\":[\"https:\/\/maxven.de\/impressum\/\"]}]},{\"@type\":\"BreadcrumbList\",\"@id\":\"https:\/\/maxven.de\/impressum\/#breadcrumb\",\"itemListElement\":[{\"@type\":\"ListItem\",\"position\":1,\"name\":\"Startseite\",\"item\":\"https:\/\/maxven.de\/\"},{\"@type\":\"ListItem\",\"position\":2,\"name\":\"Impressum\"}]},{\"@type\":\"WebSite\",\"@id\":\"https:\/\/maxven.de\/#website\",\"url\":\"https:\/\/maxven.de\/\",\"name\":\"MAXVEN GmbH\",\"description\":\"Qualifizierte Systeml\u00f6sungen\",\"publisher\":{\"@id\":\"https:\/\/maxven.de\/#organization\"},\"potentialAction\":[{\"@type\":\"SearchAction\",\"target\":{\"@type\":\"EntryPoint\",\"urlTemplate\":\"https:\/\/maxven.de\/?s={search_term_string}\"},\"query-input\":{\"@type\":\"PropertyValueSpecification\",\"valueRequired\":true,\"valueName\":\"search_term_string\"}}],\"inLanguage\":\"en-US\"},{\"@type\":\"Organization\",\"@id\":\"https:\/\/maxven.de\/#organization\",\"name\":\"MAXVEN GmbH\",\"url\":\"https:\/\/maxven.de\/\",\"logo\":{\"@type\":\"ImageObject\",\"inLanguage\":\"en-US\",\"@id\":\"https:\/\/maxven.de\/#\/schema\/logo\/image\/\",\"url\":\"https:\/\/maxven.de\/wp-content\/uploads\/2022\/12\/cropped-maxvenlogo.png\",\"contentUrl\":\"https:\/\/maxven.de\/wp-content\/uploads\/2022\/12\/cropped-maxvenlogo.png\",\"width\":2844,\"height\":401,\"caption\":\"MAXVEN GmbH\"},\"image\":{\"@id\":\"https:\/\/maxven.de\/#\/schema\/logo\/image\/\"},\"sameAs\":[\"https:\/\/www.facebook.com\/profile.php?id=100088488454808\",\"https:\/\/www.linkedin.com\/authwall?trk=qf&original_referer=https:\/\/maxven.de\/&sessionRedirect=httpsde.linkedin.comcompanymaxven-gmbhtrkpublic_profile_topcard-current-company\"]}]}<\/script>\n<!-- \/ Yoast SEO plugin. -->","yoast_head_json":{"title":"Imprint - MAXVEN GmbH","robots":{"index":"noindex","follow":"nofollow"},"og_locale":"en_US","og_type":"article","og_title":"Impressum - MAXVEN GmbH","og_description":"Impressum MAXVEN GmbH Frankfurter Str. 63-69 65760 Frankfurt Deutschland Tel.: 061962047156 E-Mail: kontakt@maxven.de Registergericht: Amtsgericht Frankfurt am Main Registernummer: HRB 128502 Gesch\u00e4ftsf\u00fchrer: Sven H\u00e4nsel, Max Neusser","og_url":"https:\/\/maxven.de\/en\/impressum\/","og_site_name":"MAXVEN GmbH","article_publisher":"https:\/\/www.facebook.com\/profile.php?id=100088488454808","twitter_card":"summary_large_image","twitter_misc":{"Est. reading time":"1 minute"},"schema":{"@context":"https:\/\/schema.org","@graph":[{"@type":"WebPage","@id":"https:\/\/maxven.de\/impressum\/","url":"https:\/\/maxven.de\/impressum\/","name":"Imprint - MAXVEN GmbH","isPartOf":{"@id":"https:\/\/maxven.de\/#website"},"datePublished":"2026-04-21T11:57:12+00:00","breadcrumb":{"@id":"https:\/\/maxven.de\/impressum\/#breadcrumb"},"inLanguage":"en-US","potentialAction":[{"@type":"ReadAction","target":["https:\/\/maxven.de\/impressum\/"]}]},{"@type":"BreadcrumbList","@id":"https:\/\/maxven.de\/impressum\/#breadcrumb","itemListElement":[{"@type":"ListItem","position":1,"name":"Startseite","item":"https:\/\/maxven.de\/"},{"@type":"ListItem","position":2,"name":"Impressum"}]},{"@type":"WebSite","@id":"https:\/\/maxven.de\/#website","url":"https:\/\/maxven.de\/","name":"MAXVEN GmbH","description":"Qualified System Solutions","publisher":{"@id":"https:\/\/maxven.de\/#organization"},"potentialAction":[{"@type":"SearchAction","target":{"@type":"EntryPoint","urlTemplate":"https:\/\/maxven.de\/?s={search_term_string}"},"query-input":{"@type":"PropertyValueSpecification","valueRequired":true,"valueName":"search_term_string"}}],"inLanguage":"en-US"},{"@type":"Organization","@id":"https:\/\/maxven.de\/#organization","name":"MAXVEN GmbH","url":"https:\/\/maxven.de\/","logo":{"@type":"ImageObject","inLanguage":"en-US","@id":"https:\/\/maxven.de\/#\/schema\/logo\/image\/","url":"https:\/\/maxven.de\/wp-content\/uploads\/2022\/12\/cropped-maxvenlogo.png","contentUrl":"https:\/\/maxven.de\/wp-content\/uploads\/2022\/12\/cropped-maxvenlogo.png","width":2844,"height":401,"caption":"MAXVEN GmbH"},"image":{"@id":"https:\/\/maxven.de\/#\/schema\/logo\/image\/"},"sameAs":["https:\/\/www.facebook.com\/profile.php?id=100088488454808","https:\/\/www.linkedin.com\/authwall?trk=qf&original_referer=https:\/\/maxven.de\/&sessionRedirect=httpsde.linkedin.comcompanymaxven-gmbhtrkpublic_profile_topcard-current-company"]}]}},"_links":{"self":[{"href":"https:\/\/maxven.de\/en\/wp-json\/wp\/v2\/pages\/2119","targetHints":{"allow":["GET"]}}],"collection":[{"href":"https:\/\/maxven.de\/en\/wp-json\/wp\/v2\/pages"}],"about":[{"href":"https:\/\/maxven.de\/en\/wp-json\/wp\/v2\/types\/page"}],"author":[{"embeddable":true,"href":"https:\/\/maxven.de\/en\/wp-json\/wp\/v2\/users\/2"}],"replies":[{"embeddable":true,"href":"https:\/\/maxven.de\/en\/wp-json\/wp\/v2\/comments?post=2119"}],"version-history":[{"count":17,"href":"https:\/\/maxven.de\/en\/wp-json\/wp\/v2\/pages\/2119\/revisions"}],"predecessor-version":[{"id":2983,"href":"https:\/\/maxven.de\/en\/wp-json\/wp\/v2\/pages\/2119\/revisions\/2983"}],"wp:attachment":[{"href":"https:\/\/maxven.de\/en\/wp-json\/wp\/v2\/media?parent=2119"}],"curies":[{"name":"wp","href":"https:\/\/api.w.org\/{rel}","templated":true}]}}