{"id":683,"date":"2023-01-19T14:43:00","date_gmt":"2023-01-19T14:43:00","guid":{"rendered":"https:\/\/maxven.de\/?page_id=683"},"modified":"2023-08-15T07:11:35","modified_gmt":"2023-08-15T07:11:35","slug":"ueber-uns","status":"publish","type":"page","link":"https:\/\/maxven.de\/en\/ueber-uns\/","title":{"rendered":"About Us"},"content":{"rendered":"<div data-elementor-type=\"wp-page\" data-elementor-id=\"683\" class=\"elementor elementor-683\" data-elementor-post-type=\"page\">\n\t\t\t\t\t\t<section class=\"elementor-section elementor-top-section elementor-element elementor-element-2f6c3744 elementor-section-boxed elementor-section-height-default elementor-section-height-default\" data-id=\"2f6c3744\" data-element_type=\"section\" data-e-type=\"section\" data-settings=\"{&quot;background_background&quot;:&quot;classic&quot;}\">\n\t\t\t\t\t\t\t<div class=\"elementor-background-overlay\"><\/div>\n\t\t\t\t\t\t\t<div class=\"elementor-container elementor-column-gap-default\">\n\t\t\t\t\t<div class=\"elementor-column elementor-col-100 elementor-top-column elementor-element elementor-element-31fce1f1\" data-id=\"31fce1f1\" data-element_type=\"column\" data-e-type=\"column\">\n\t\t\t<div class=\"elementor-widget-wrap elementor-element-populated\">\n\t\t\t\t\t\t<div class=\"elementor-element elementor-element-789bea71 elementor-widget elementor-widget-heading\" data-id=\"789bea71\" data-element_type=\"widget\" data-e-type=\"widget\" data-widget_type=\"heading.default\">\n\t\t\t\t<div class=\"elementor-widget-container\">\n\t\t\t\t\t<h1 class=\"elementor-heading-title elementor-size-default\">About Us<\/h1>\t\t\t\t<\/div>\n\t\t\t\t<\/div>\n\t\t\t\t\t<\/div>\n\t\t<\/div>\n\t\t\t\t\t<\/div>\n\t\t<\/section>\n\t\t\t\t<section class=\"elementor-section elementor-top-section elementor-element elementor-element-3829196a elementor-section-boxed elementor-section-height-default elementor-section-height-default\" data-id=\"3829196a\" data-element_type=\"section\" data-e-type=\"section\">\n\t\t\t\t\t\t<div class=\"elementor-container elementor-column-gap-default\">\n\t\t\t\t\t<div class=\"elementor-column elementor-col-100 elementor-top-column elementor-element elementor-element-6d53c053\" data-id=\"6d53c053\" data-element_type=\"column\" data-e-type=\"column\">\n\t\t\t<div class=\"elementor-widget-wrap elementor-element-populated\">\n\t\t\t\t\t\t<div class=\"elementor-element elementor-element-c46969c elementor-widget elementor-widget-heading\" data-id=\"c46969c\" data-element_type=\"widget\" data-e-type=\"widget\" data-widget_type=\"heading.default\">\n\t\t\t\t<div class=\"elementor-widget-container\">\n\t\t\t\t\t<h6 class=\"elementor-heading-title elementor-size-default\">About Us<\/h6>\t\t\t\t<\/div>\n\t\t\t\t<\/div>\n\t\t\t\t<div class=\"elementor-element elementor-element-117a2433 elementor-widget elementor-widget-heading\" data-id=\"117a2433\" data-element_type=\"widget\" data-e-type=\"widget\" data-widget_type=\"heading.default\">\n\t\t\t\t<div class=\"elementor-widget-container\">\n\t\t\t\t\t<h2 class=\"elementor-heading-title elementor-size-default\">Who are we?<\/h2>\t\t\t\t<\/div>\n\t\t\t\t<\/div>\n\t\t\t\t<div class=\"elementor-element elementor-element-d83d3f6 elementor-widget elementor-widget-text-editor\" data-id=\"d83d3f6\" data-element_type=\"widget\" data-e-type=\"widget\" data-widget_type=\"text-editor.default\">\n\t\t\t\t<div class=\"elementor-widget-container\">\n\t\t\t\t\t\t\t\t\t<div class=\"page\" title=\"Page 2\"><div class=\"layoutArea\"><div class=\"column\"><p>MAXVEN GmbH \u2013 Your personnel service provider run by software developers specialized in software development. With this expertise, you will receive the optimal and innovative personnel solution from us, from professionals for professionals.<\/p><p>We create an interface between technology and personnel by combining the extensive experience and practical know-how of our managing directors with the experience of our managers in personnel recruitment. This forms a symbiosis to find the best candidates for the right projects.<\/p><\/div><\/div><\/div>\t\t\t\t\t\t\t\t<\/div>\n\t\t\t\t<\/div>\n\t\t\t\t\t<\/div>\n\t\t<\/div>\n\t\t\t\t\t<\/div>\n\t\t<\/section>\n\t\t\t\t<section class=\"elementor-section elementor-top-section elementor-element elementor-element-5eaac0b9 elementor-section-boxed elementor-section-height-default elementor-section-height-default\" data-id=\"5eaac0b9\" data-element_type=\"section\" data-e-type=\"section\" data-settings=\"{&quot;background_background&quot;:&quot;classic&quot;}\">\n\t\t\t\t\t\t<div class=\"elementor-container elementor-column-gap-default\">\n\t\t\t\t\t<div class=\"elementor-column elementor-col-50 elementor-top-column elementor-element elementor-element-53e1c0b3 elementor-invisible\" data-id=\"53e1c0b3\" data-element_type=\"column\" data-e-type=\"column\" data-settings=\"{&quot;animation&quot;:&quot;fadeInLeft&quot;}\">\n\t\t\t<div class=\"elementor-widget-wrap elementor-element-populated\">\n\t\t\t\t\t\t<div class=\"elementor-element elementor-element-5812f07d elementor-widget elementor-widget-heading\" data-id=\"5812f07d\" data-element_type=\"widget\" data-e-type=\"widget\" data-widget_type=\"heading.default\">\n\t\t\t\t<div class=\"elementor-widget-container\">\n\t\t\t\t\t<h2 class=\"elementor-heading-title elementor-size-default\">CEOs<\/h2>\t\t\t\t<\/div>\n\t\t\t\t<\/div>\n\t\t\t\t<div class=\"elementor-element elementor-element-2f9358d7 elementor-widget elementor-widget-text-editor\" data-id=\"2f9358d7\" data-element_type=\"widget\" data-e-type=\"widget\" data-widget_type=\"text-editor.default\">\n\t\t\t\t<div class=\"elementor-widget-container\">\n\t\t\t\t\t\t\t\t\t<p>With over 15 years of experience in software development, we offer a solution for every problem. At MAXVEN, employees come first because they contribute to the company's success with their talents and skills.<\/p>\t\t\t\t\t\t\t\t<\/div>\n\t\t\t\t<\/div>\n\t\t\t\t\t<\/div>\n\t\t<\/div>\n\t\t\t\t<div class=\"elementor-column elementor-col-50 elementor-top-column elementor-element elementor-element-681afe81\" data-id=\"681afe81\" data-element_type=\"column\" data-e-type=\"column\">\n\t\t\t<div class=\"elementor-widget-wrap elementor-element-populated\">\n\t\t\t\t\t\t<section class=\"elementor-section elementor-inner-section elementor-element elementor-element-78a990e0 elementor-section-boxed elementor-section-height-default elementor-section-height-default elementor-invisible\" data-id=\"78a990e0\" data-element_type=\"section\" data-e-type=\"section\" data-settings=\"{&quot;animation&quot;:&quot;fadeInRight&quot;}\">\n\t\t\t\t\t\t<div class=\"elementor-container elementor-column-gap-default\">\n\t\t\t\t\t<div class=\"elementor-column elementor-col-50 elementor-inner-column elementor-element elementor-element-514b13d0\" data-id=\"514b13d0\" data-element_type=\"column\" data-e-type=\"column\">\n\t\t\t<div class=\"elementor-widget-wrap elementor-element-populated\">\n\t\t\t\t\t\t<div class=\"elementor-element elementor-element-4e9a07d5 elementor-widget elementor-widget-elementskit-team\" data-id=\"4e9a07d5\" data-element_type=\"widget\" data-e-type=\"widget\" data-widget_type=\"elementskit-team.default\">\n\t\t\t\t<div class=\"elementor-widget-container\">\n\t\t\t\t\t<div class=\"ekit-wid-con\">\n\t\t\t\t\t\t\t <div class=\"image-card-v2\"> \t\t\t\t\t\t\t\t\t\t\t\t\t\t\t\t\t<div class=\"profile-image-card elementor-animation- ekit-team-img ekit-team-style-overlay_details text-center\">\n\n\t\t\t\t\t\t\t\t\t\t\t\t\t<img fetchpriority=\"high\" decoding=\"async\" width=\"2400\" height=\"2400\" src=\"https:\/\/maxven.de\/wp-content\/uploads\/2023\/07\/Foto_Klein.png\" class=\"attachment-full size-full wp-image-2552\" alt=\"\" srcset=\"https:\/\/maxven.de\/wp-content\/uploads\/2023\/07\/Foto_Klein.png 2400w, https:\/\/maxven.de\/wp-content\/uploads\/2023\/07\/Foto_Klein-300x300.png 300w, https:\/\/maxven.de\/wp-content\/uploads\/2023\/07\/Foto_Klein-1024x1024.png 1024w, https:\/\/maxven.de\/wp-content\/uploads\/2023\/07\/Foto_Klein-150x150.png 150w, https:\/\/maxven.de\/wp-content\/uploads\/2023\/07\/Foto_Klein-768x768.png 768w, https:\/\/maxven.de\/wp-content\/uploads\/2023\/07\/Foto_Klein-1536x1536.png 1536w, https:\/\/maxven.de\/wp-content\/uploads\/2023\/07\/Foto_Klein-2048x2048.png 2048w\" sizes=\"(max-width: 2400px) 100vw, 2400px\" \/>\t\t\t\t\t\t\t\t\t\t\t\t<div class=\"hover-area\">\n\t\t\t\t\t\t\t<div class=\"profile-body\">\n\t\t\t\t\t\t\t\t<h2 class=\"profile-title\">\n\t\t\t\t\t\t\t\t\t\t\t\t\t\t\t\t\tSven H\u00e4nsel\t\t\t\t\t\t\t\t\t\t\t\t\t\t\t\t<\/h2>\n\t\t\t\t\t\t\t\t<p class=\"profile-designation\">CEO<\/p>\n\t\t\t\t\t\t\t\t\t\t\t\t\t\t\t<\/div>\n\t\t\t\t\t\t\t\t\t\t\t\t\t<\/div>\n\t\t\t\t\t<\/div>\n\t\t\t\t\t <\/div> \n\t\t\t\t\n\t\t\t\t<\/div>\t\t\t\t<\/div>\n\t\t\t\t<\/div>\n\t\t\t\t\t<\/div>\n\t\t<\/div>\n\t\t\t\t<div class=\"elementor-column elementor-col-50 elementor-inner-column elementor-element elementor-element-2349cabd\" data-id=\"2349cabd\" data-element_type=\"column\" data-e-type=\"column\">\n\t\t\t<div class=\"elementor-widget-wrap elementor-element-populated\">\n\t\t\t\t\t\t<div class=\"elementor-element elementor-element-7af08a16 elementor-widget elementor-widget-elementskit-team\" data-id=\"7af08a16\" data-element_type=\"widget\" data-e-type=\"widget\" data-widget_type=\"elementskit-team.default\">\n\t\t\t\t<div class=\"elementor-widget-container\">\n\t\t\t\t\t<div class=\"ekit-wid-con\">\n\t\t\t\t\t\t\t <div class=\"image-card-v2\"> \t\t\t\t\t\t\t\t\t\t\t\t\t\t\t\t\t<div class=\"profile-image-card elementor-animation- ekit-team-img ekit-team-style-overlay_details text-center\">\n\n\t\t\t\t\t\t\t\t\t\t\t\t\t<img decoding=\"async\" width=\"1800\" height=\"1800\" src=\"https:\/\/maxven.de\/wp-content\/uploads\/2023\/07\/Foto_Max_Klein_Kragen.png\" class=\"attachment-full size-full wp-image-2551\" alt=\"\" srcset=\"https:\/\/maxven.de\/wp-content\/uploads\/2023\/07\/Foto_Max_Klein_Kragen.png 1800w, https:\/\/maxven.de\/wp-content\/uploads\/2023\/07\/Foto_Max_Klein_Kragen-300x300.png 300w, https:\/\/maxven.de\/wp-content\/uploads\/2023\/07\/Foto_Max_Klein_Kragen-1024x1024.png 1024w, https:\/\/maxven.de\/wp-content\/uploads\/2023\/07\/Foto_Max_Klein_Kragen-150x150.png 150w, https:\/\/maxven.de\/wp-content\/uploads\/2023\/07\/Foto_Max_Klein_Kragen-768x768.png 768w, https:\/\/maxven.de\/wp-content\/uploads\/2023\/07\/Foto_Max_Klein_Kragen-1536x1536.png 1536w\" sizes=\"(max-width: 1800px) 100vw, 1800px\" \/>\t\t\t\t\t\t\t\t\t\t\t\t<div class=\"hover-area\">\n\t\t\t\t\t\t\t<div class=\"profile-body\">\n\t\t\t\t\t\t\t\t<h2 class=\"profile-title\">\n\t\t\t\t\t\t\t\t\t\t\t\t\t\t\t\t\tMax Neusser\t\t\t\t\t\t\t\t\t\t\t\t\t\t\t\t<\/h2>\n\t\t\t\t\t\t\t\t<p class=\"profile-designation\">CEO<\/p>\n\t\t\t\t\t\t\t\t\t\t\t\t\t\t\t<\/div>\n\t\t\t\t\t\t\t\t\t\t\t\t\t<\/div>\n\t\t\t\t\t<\/div>\n\t\t\t\t\t <\/div> \n\t\t\t\t\n\t\t\t\t<\/div>\t\t\t\t<\/div>\n\t\t\t\t<\/div>\n\t\t\t\t\t<\/div>\n\t\t<\/div>\n\t\t\t\t\t<\/div>\n\t\t<\/section>\n\t\t\t\t\t<\/div>\n\t\t<\/div>\n\t\t\t\t\t<\/div>\n\t\t<\/section>\n\t\t\t\t<\/div>","protected":false},"excerpt":{"rendered":"<p>\u00dcber uns Wer sind wir? MAXVEN GmbH \u2013 Ihr Personaldienstleister gefu\u0308hrt von Softwareentwicklern spezialisiert auf Softwareentwicklung. Mit dieser Expertise erhalten Sie bei uns die optimale und innovative Personallo\u0308sung von Profis fu\u0308r Profis. Wir schaffen eine Schnittstelle zwischen Technologie und Personal, in dem wir die langja\u0308hrigen Erfahrungen und das praxisorientierte Know-how unserer Gescha\u0308ftsfu\u0308hrer mit den Erfahrungen [&hellip;]<\/p>\n","protected":false},"author":2,"featured_media":0,"parent":0,"menu_order":0,"comment_status":"closed","ping_status":"closed","template":"","meta":{"footnotes":""},"class_list":["post-683","page","type-page","status-publish","hentry"],"yoast_head":"<!-- This site is optimized with the Yoast SEO plugin v26.9 - https:\/\/yoast.com\/product\/yoast-seo-wordpress\/ -->\n<title>\u00dcber uns - MAXVEN GmbH<\/title>\n<meta name=\"description\" content=\"Erfahren Sie mehr \u00fcber die MAXVEN GmbH, wer wir sind und was uns ausmacht. Mit mehr als 15 Jahren Erfahrung sind wir die richtigen f\u00fcr Sie.\" \/>\n<meta name=\"robots\" content=\"index, follow, max-snippet:-1, max-image-preview:large, max-video-preview:-1\" \/>\n<link rel=\"canonical\" href=\"https:\/\/maxven.de\/en\/ueber-uns\/\" \/>\n<meta property=\"og:locale\" content=\"en_US\" \/>\n<meta property=\"og:type\" content=\"article\" \/>\n<meta property=\"og:title\" content=\"\u00dcber uns - MAXVEN GmbH\" \/>\n<meta property=\"og:description\" content=\"Erfahren Sie mehr \u00fcber die MAXVEN GmbH, wer wir sind und was uns ausmacht. Mit mehr als 15 Jahren Erfahrung sind wir die richtigen f\u00fcr Sie.\" \/>\n<meta property=\"og:url\" content=\"https:\/\/maxven.de\/en\/ueber-uns\/\" \/>\n<meta property=\"og:site_name\" content=\"MAXVEN GmbH\" \/>\n<meta property=\"article:publisher\" content=\"https:\/\/www.facebook.com\/profile.php?id=100088488454808\" \/>\n<meta property=\"article:modified_time\" content=\"2023-08-15T07:11:35+00:00\" \/>\n<meta property=\"og:image\" content=\"https:\/\/maxven.de\/wp-content\/uploads\/2023\/07\/Foto_Klein.png\" \/>\n<meta name=\"twitter:card\" content=\"summary_large_image\" \/>\n<meta name=\"twitter:label1\" content=\"Est. reading time\" \/>\n\t<meta name=\"twitter:data1\" content=\"2 minutes\" \/>\n<script type=\"application\/ld+json\" class=\"yoast-schema-graph\">{\"@context\":\"https:\/\/schema.org\",\"@graph\":[{\"@type\":\"WebPage\",\"@id\":\"https:\/\/maxven.de\/ueber-uns\/\",\"url\":\"https:\/\/maxven.de\/ueber-uns\/\",\"name\":\"\u00dcber uns - MAXVEN GmbH\",\"isPartOf\":{\"@id\":\"https:\/\/maxven.de\/#website\"},\"primaryImageOfPage\":{\"@id\":\"https:\/\/maxven.de\/ueber-uns\/#primaryimage\"},\"image\":{\"@id\":\"https:\/\/maxven.de\/ueber-uns\/#primaryimage\"},\"thumbnailUrl\":\"https:\/\/maxven.de\/wp-content\/uploads\/2023\/07\/Foto_Klein.png\",\"datePublished\":\"2023-01-19T14:43:00+00:00\",\"dateModified\":\"2023-08-15T07:11:35+00:00\",\"description\":\"Erfahren Sie mehr \u00fcber die MAXVEN GmbH, wer wir sind und was uns ausmacht. Mit mehr als 15 Jahren Erfahrung sind wir die richtigen f\u00fcr Sie.\",\"breadcrumb\":{\"@id\":\"https:\/\/maxven.de\/ueber-uns\/#breadcrumb\"},\"inLanguage\":\"en-US\",\"potentialAction\":[{\"@type\":\"ReadAction\",\"target\":[\"https:\/\/maxven.de\/ueber-uns\/\"]}]},{\"@type\":\"ImageObject\",\"inLanguage\":\"en-US\",\"@id\":\"https:\/\/maxven.de\/ueber-uns\/#primaryimage\",\"url\":\"https:\/\/maxven.de\/wp-content\/uploads\/2023\/07\/Foto_Klein.png\",\"contentUrl\":\"https:\/\/maxven.de\/wp-content\/uploads\/2023\/07\/Foto_Klein.png\"},{\"@type\":\"BreadcrumbList\",\"@id\":\"https:\/\/maxven.de\/ueber-uns\/#breadcrumb\",\"itemListElement\":[{\"@type\":\"ListItem\",\"position\":1,\"name\":\"Startseite\",\"item\":\"https:\/\/maxven.de\/\"},{\"@type\":\"ListItem\",\"position\":2,\"name\":\"\u00dcber uns\"}]},{\"@type\":\"WebSite\",\"@id\":\"https:\/\/maxven.de\/#website\",\"url\":\"https:\/\/maxven.de\/\",\"name\":\"MAXVEN GmbH\",\"description\":\"Qualifizierte Systeml\u00f6sungen\",\"publisher\":{\"@id\":\"https:\/\/maxven.de\/#organization\"},\"potentialAction\":[{\"@type\":\"SearchAction\",\"target\":{\"@type\":\"EntryPoint\",\"urlTemplate\":\"https:\/\/maxven.de\/?s={search_term_string}\"},\"query-input\":{\"@type\":\"PropertyValueSpecification\",\"valueRequired\":true,\"valueName\":\"search_term_string\"}}],\"inLanguage\":\"en-US\"},{\"@type\":\"Organization\",\"@id\":\"https:\/\/maxven.de\/#organization\",\"name\":\"MAXVEN GmbH\",\"url\":\"https:\/\/maxven.de\/\",\"logo\":{\"@type\":\"ImageObject\",\"inLanguage\":\"en-US\",\"@id\":\"https:\/\/maxven.de\/#\/schema\/logo\/image\/\",\"url\":\"https:\/\/maxven.de\/wp-content\/uploads\/2022\/12\/cropped-maxvenlogo.png\",\"contentUrl\":\"https:\/\/maxven.de\/wp-content\/uploads\/2022\/12\/cropped-maxvenlogo.png\",\"width\":2844,\"height\":401,\"caption\":\"MAXVEN GmbH\"},\"image\":{\"@id\":\"https:\/\/maxven.de\/#\/schema\/logo\/image\/\"},\"sameAs\":[\"https:\/\/www.facebook.com\/profile.php?id=100088488454808\",\"https:\/\/www.linkedin.com\/authwall?trk=qf&original_referer=https:\/\/maxven.de\/&sessionRedirect=httpsde.linkedin.comcompanymaxven-gmbhtrkpublic_profile_topcard-current-company\"]}]}<\/script>\n<!-- \/ Yoast SEO plugin. -->","yoast_head_json":{"title":"\u00dcber uns - MAXVEN GmbH","description":"Erfahren Sie mehr \u00fcber die MAXVEN GmbH, wer wir sind und was uns ausmacht. Mit mehr als 15 Jahren Erfahrung sind wir die richtigen f\u00fcr Sie.","robots":{"index":"index","follow":"follow","max-snippet":"max-snippet:-1","max-image-preview":"max-image-preview:large","max-video-preview":"max-video-preview:-1"},"canonical":"https:\/\/maxven.de\/en\/ueber-uns\/","og_locale":"en_US","og_type":"article","og_title":"\u00dcber uns - MAXVEN GmbH","og_description":"Erfahren Sie mehr \u00fcber die MAXVEN GmbH, wer wir sind und was uns ausmacht. Mit mehr als 15 Jahren Erfahrung sind wir die richtigen f\u00fcr Sie.","og_url":"https:\/\/maxven.de\/en\/ueber-uns\/","og_site_name":"MAXVEN GmbH","article_publisher":"https:\/\/www.facebook.com\/profile.php?id=100088488454808","article_modified_time":"2023-08-15T07:11:35+00:00","og_image":[{"url":"https:\/\/maxven.de\/wp-content\/uploads\/2023\/07\/Foto_Klein.png","type":"","width":"","height":""}],"twitter_card":"summary_large_image","twitter_misc":{"Est. reading time":"2 minutes"},"schema":{"@context":"https:\/\/schema.org","@graph":[{"@type":"WebPage","@id":"https:\/\/maxven.de\/ueber-uns\/","url":"https:\/\/maxven.de\/ueber-uns\/","name":"\u00dcber uns - MAXVEN GmbH","isPartOf":{"@id":"https:\/\/maxven.de\/#website"},"primaryImageOfPage":{"@id":"https:\/\/maxven.de\/ueber-uns\/#primaryimage"},"image":{"@id":"https:\/\/maxven.de\/ueber-uns\/#primaryimage"},"thumbnailUrl":"https:\/\/maxven.de\/wp-content\/uploads\/2023\/07\/Foto_Klein.png","datePublished":"2023-01-19T14:43:00+00:00","dateModified":"2023-08-15T07:11:35+00:00","description":"Erfahren Sie mehr \u00fcber die MAXVEN GmbH, wer wir sind und was uns ausmacht. Mit mehr als 15 Jahren Erfahrung sind wir die richtigen f\u00fcr Sie.","breadcrumb":{"@id":"https:\/\/maxven.de\/ueber-uns\/#breadcrumb"},"inLanguage":"en-US","potentialAction":[{"@type":"ReadAction","target":["https:\/\/maxven.de\/ueber-uns\/"]}]},{"@type":"ImageObject","inLanguage":"en-US","@id":"https:\/\/maxven.de\/ueber-uns\/#primaryimage","url":"https:\/\/maxven.de\/wp-content\/uploads\/2023\/07\/Foto_Klein.png","contentUrl":"https:\/\/maxven.de\/wp-content\/uploads\/2023\/07\/Foto_Klein.png"},{"@type":"BreadcrumbList","@id":"https:\/\/maxven.de\/ueber-uns\/#breadcrumb","itemListElement":[{"@type":"ListItem","position":1,"name":"Startseite","item":"https:\/\/maxven.de\/"},{"@type":"ListItem","position":2,"name":"\u00dcber uns"}]},{"@type":"WebSite","@id":"https:\/\/maxven.de\/#website","url":"https:\/\/maxven.de\/","name":"MAXVEN GmbH","description":"Qualifizierte Systeml\u00f6sungen","publisher":{"@id":"https:\/\/maxven.de\/#organization"},"potentialAction":[{"@type":"SearchAction","target":{"@type":"EntryPoint","urlTemplate":"https:\/\/maxven.de\/?s={search_term_string}"},"query-input":{"@type":"PropertyValueSpecification","valueRequired":true,"valueName":"search_term_string"}}],"inLanguage":"en-US"},{"@type":"Organization","@id":"https:\/\/maxven.de\/#organization","name":"MAXVEN GmbH","url":"https:\/\/maxven.de\/","logo":{"@type":"ImageObject","inLanguage":"en-US","@id":"https:\/\/maxven.de\/#\/schema\/logo\/image\/","url":"https:\/\/maxven.de\/wp-content\/uploads\/2022\/12\/cropped-maxvenlogo.png","contentUrl":"https:\/\/maxven.de\/wp-content\/uploads\/2022\/12\/cropped-maxvenlogo.png","width":2844,"height":401,"caption":"MAXVEN GmbH"},"image":{"@id":"https:\/\/maxven.de\/#\/schema\/logo\/image\/"},"sameAs":["https:\/\/www.facebook.com\/profile.php?id=100088488454808","https:\/\/www.linkedin.com\/authwall?trk=qf&original_referer=https:\/\/maxven.de\/&sessionRedirect=httpsde.linkedin.comcompanymaxven-gmbhtrkpublic_profile_topcard-current-company"]}]}},"_links":{"self":[{"href":"https:\/\/maxven.de\/en\/wp-json\/wp\/v2\/pages\/683","targetHints":{"allow":["GET"]}}],"collection":[{"href":"https:\/\/maxven.de\/en\/wp-json\/wp\/v2\/pages"}],"about":[{"href":"https:\/\/maxven.de\/en\/wp-json\/wp\/v2\/types\/page"}],"author":[{"embeddable":true,"href":"https:\/\/maxven.de\/en\/wp-json\/wp\/v2\/users\/2"}],"replies":[{"embeddable":true,"href":"https:\/\/maxven.de\/en\/wp-json\/wp\/v2\/comments?post=683"}],"version-history":[{"count":252,"href":"https:\/\/maxven.de\/en\/wp-json\/wp\/v2\/pages\/683\/revisions"}],"predecessor-version":[{"id":2563,"href":"https:\/\/maxven.de\/en\/wp-json\/wp\/v2\/pages\/683\/revisions\/2563"}],"wp:attachment":[{"href":"https:\/\/maxven.de\/en\/wp-json\/wp\/v2\/media?parent=683"}],"curies":[{"name":"wp","href":"https:\/\/api.w.org\/{rel}","templated":true}]}}